{"id":8,"date":"2020-10-25T18:30:21","date_gmt":"2020-10-25T18:30:21","guid":{"rendered":"http:\/\/www.heilpraktiker-warburg.de\/wordpress\/?page_id=8"},"modified":"2020-11-01T10:43:29","modified_gmt":"2020-11-01T10:43:29","slug":"ueber-mich","status":"publish","type":"page","link":"https:\/\/www.heilpraktiker-warburg.de\/?page_id=8","title":{"rendered":"\u00dcber mich"},"content":{"rendered":"<p><img loading=\"lazy\" decoding=\"async\" class=\"alignleft size-medium wp-image-88\" src=\"http:\/\/www.heilpraktiker-warburg.de\/wordpress\/wp-content\/uploads\/2020\/11\/ueber_mich-225x300.png\" alt=\"\" width=\"225\" height=\"300\" srcset=\"https:\/\/www.heilpraktiker-warburg.de\/wp-content\/uploads\/2020\/11\/ueber_mich-225x300.png 225w, https:\/\/www.heilpraktiker-warburg.de\/wp-content\/uploads\/2020\/11\/ueber_mich.png 300w\" sizes=\"auto, (max-width: 225px) 100vw, 225px\" \/><\/p>\r\n\r\n<p><strong>Meine Arbeitsweise:<\/strong><\/p>\r\n\r\n\r\n\r\n<p>Es ist\u00a0 mir wichtig &#8211;\u00a0 gemeinsam mit dem Patienten &#8211;\u00a0 die f\u00fcr ihn richtige Therapie\u00a0 zu erarbeiten und ihn dann mit Rat und Tat zu begleiten. Diese Methode ist vielleicht etwas zeitaufw\u00e4ndiger, hilft aber meiner Meinung nach dem Patienten, die Therapie mittragen zu k\u00f6nnen.<\/p>\r\n\r\n\r\n\r\n<p><strong>Mein Werdegang:<\/strong><\/p>\r\n\r\n\r\n\r\n<p>Noch w\u00e4hrend meiner zahn\u00e4rztlichen T\u00e4tigkeit machte ich, angeregt durch eigene positive Erfahrungen, eine Akupunktur-Ausbildung.<br \/>Um den Patienten noch besser helfen zu k\u00f6nnen, absolvierte ich im Anschlu\u00df die Hom\u00f6opathie-Ausbildung.<br \/>Parallel dazu befasste ich mich mit der Bachbl\u00fctentherapie. <br \/>Da starke Wirbels\u00e4ulenbeschwerden den Erfolg einer Akupunkturbehandlung gef\u00e4hrden, wandte ich mich den verschiedenen Methoden der Wirbels\u00e4ulen-Therapie zu.<br \/>Dabei beeindruckte mich die Methode nach Dorn am meisten.<\/p>\r\n\r\n\r\n\r\n<p>Nach der Heilpraktikerpr\u00fcfung im Fr\u00fchjahr 2003 er\u00f6ffnete ich im August 2003 meine Praxis als Heilpraktikerin.<br \/>Im Winter 2004 erweiterte ich mein Therapie-Spektrum durch Bioresonanz und seit einiger Zeit wende ich unterst\u00fctzend bei einigen Erkrankungen die Hildegard-Medizin an.<\/p>\r\n\r\n\r\n\r\n<p>Begleitend zu allen Therapieformen biete ich Fu\u00dfreflexzonen-Massage an, die den Heilungsprozess aktiv unterst\u00fctzen kann.<\/p>\r\n","protected":false},"excerpt":{"rendered":"<p>Meine Arbeitsweise: Es ist\u00a0 mir wichtig &#8211;\u00a0 gemeinsam mit dem Patienten &#8211;\u00a0 die f\u00fcr ihn richtige Therapie\u00a0 zu erarbeiten und ihn dann mit Rat und Tat zu begleiten. Diese Methode ist vielleicht etwas zeitaufw\u00e4ndiger, hilft aber meiner Meinung nach dem Patienten, die Therapie mittragen zu k\u00f6nnen. Mein Werdegang: Noch w\u00e4hrend meiner zahn\u00e4rztlichen T\u00e4tigkeit machte ich, <a class=\"more-link\" href=\"https:\/\/www.heilpraktiker-warburg.de\/?page_id=8\">weiterlesen&#8230;<\/a><\/p>\n","protected":false},"author":1,"featured_media":0,"parent":0,"menu_order":0,"comment_status":"closed","ping_status":"closed","template":"","meta":{"footnotes":""},"class_list":["post-8","page","type-page","status-publish","hentry"],"_links":{"self":[{"href":"https:\/\/www.heilpraktiker-warburg.de\/index.php?rest_route=\/wp\/v2\/pages\/8","targetHints":{"allow":["GET"]}}],"collection":[{"href":"https:\/\/www.heilpraktiker-warburg.de\/index.php?rest_route=\/wp\/v2\/pages"}],"about":[{"href":"https:\/\/www.heilpraktiker-warburg.de\/index.php?rest_route=\/wp\/v2\/types\/page"}],"author":[{"embeddable":true,"href":"https:\/\/www.heilpraktiker-warburg.de\/index.php?rest_route=\/wp\/v2\/users\/1"}],"replies":[{"embeddable":true,"href":"https:\/\/www.heilpraktiker-warburg.de\/index.php?rest_route=%2Fwp%2Fv2%2Fcomments&post=8"}],"version-history":[{"count":5,"href":"https:\/\/www.heilpraktiker-warburg.de\/index.php?rest_route=\/wp\/v2\/pages\/8\/revisions"}],"predecessor-version":[{"id":114,"href":"https:\/\/www.heilpraktiker-warburg.de\/index.php?rest_route=\/wp\/v2\/pages\/8\/revisions\/114"}],"wp:attachment":[{"href":"https:\/\/www.heilpraktiker-warburg.de\/index.php?rest_route=%2Fwp%2Fv2%2Fmedia&parent=8"}],"curies":[{"name":"wp","href":"https:\/\/api.w.org\/{rel}","templated":true}]}}