{"id":6,"date":"2020-10-25T18:29:36","date_gmt":"2020-10-25T18:29:36","guid":{"rendered":"http:\/\/www.heilpraktiker-warburg.de\/wordpress\/?page_id=6"},"modified":"2020-11-01T10:41:58","modified_gmt":"2020-11-01T10:41:58","slug":"angebot","status":"publish","type":"page","link":"https:\/\/www.heilpraktiker-warburg.de\/?page_id=6","title":{"rendered":"Angebot"},"content":{"rendered":"\r\n<h3 class=\"wp-block-heading\"><strong>Therapie-Angebote<\/strong><\/h3>\r\n\r\n\r\n\r\n<p><strong><img loading=\"lazy\" decoding=\"async\" class=\"alignleft size-medium wp-image-83\" src=\"http:\/\/www.heilpraktiker-warburg.de\/wordpress\/wp-content\/uploads\/2020\/11\/olivenbaum-225x300.png\" alt=\"\" width=\"225\" height=\"300\" srcset=\"https:\/\/www.heilpraktiker-warburg.de\/wp-content\/uploads\/2020\/11\/olivenbaum-225x300.png 225w, https:\/\/www.heilpraktiker-warburg.de\/wp-content\/uploads\/2020\/11\/olivenbaum.png 300w\" sizes=\"auto, (max-width: 225px) 100vw, 225px\" \/>Akupunktur <\/strong><\/p>\r\n\r\n\r\n\r\n<p>Seit alters her in China praktiziert, dient die Akupunktur dazu, den K\u00f6rper zu harmonisieren.\u00a0Von China aus gelangte diese Methode auch zu uns und verbreitete sich hier. Hier sind die\u00a0beiden bekanntesten Akupunktur-Formen\u00a0 die K\u00f6rper &#8211; und die Ohrakupunktur.<\/p>\r\n\r\n\r\n\r\n<p><strong>Bachbl\u00fcten\u00a0 <br \/><\/strong> Um seinen Patienten besser helfen zu k\u00f6nnen, suchte\u00a0 Dr. Edward Bach nach M\u00f6glichkeiten,sie seelisch auszugleichen. Er fand Mittel aus 28 ungiftigen Pflanzen und aus\u00a0reinem Quellwasser.Aus 5 Bl\u00fctenmitteln stellte er seine bekannten &#8222;Notfalltropfen&#8220; (Rescue Remedy) zusammen.<\/p>\r\n\r\n\r\n\r\n<p><strong>Hildegard Medizin<\/strong><\/p>\r\n\r\n\r\n\r\n<p>Hildegard von Bingen vertrat sehr moderne Ansichten \u00fcber die Gesunderhaltung des K\u00f6rpers: M\u00e4\u00dfigkeit im Essen und Trinken ,ausreichende Ruhezeiten ,seelische Ausgeglichenheit.<br \/>Gegen\u00a0gesundheitliche St\u00f6rungen setzte sie eine Reihe von Mitteln ein wie Fastenkuren, Pflanzen\u00a0(zB Dinkel, S\u00fc\u00dfholzwurzel, Galgant, Fenchel ),\u00a0Mineralien (zB Jaspis, Diamant, Bergkristall, Smaragd\u00a0)\u00a0und tierische Mittel (z.B.Fisch, Hase, Schaf).<br \/>Seit einiger Zeit wende ich bei bestimmten Erkrankungen die Hildegard-Medizin unterst\u00fctzend an.<\/p>\r\n\r\n\r\n\r\n<p><strong>Hom\u00f6opathie<\/strong><\/p>\r\n\r\n\r\n\r\n<p>Die Hom\u00f6opathie geht auf Samuel Hahnemann zur\u00fcck, der heraus fand, dass eine Substanz in ihrer reinen Form gegeben,beim gesunden Menschen bestimmte Symptome\u00a0hervor ruft.\u00a0<br \/>Bei einer Krankheit mit diesen Symptomen verabreicht, f\u00fchrt sie zur Ausl\u00f6schung der Symptome.<br \/>Damit war das Leitwort der Hom\u00f6opathie &#8211; &#8222;Gleiches mit Gleichem zu heilen&#8220; &#8211; geboren.<br \/>Weiter\u00a0stellte \u00a0Hahnemann fest, dass schon geringe Mengen\u00a0einer Substanz ausreichen, um eine Wirkung zu erzielen. Daher entwickelte er die Methode der Verd\u00fcnnung (Potenzierung).<\/p>\r\n\r\n\r\n\r\n<p><strong>Sch\u00fcssler Salze<\/strong><\/p>\r\n\r\n\r\n\r\n<p>Dr. Wilhelm Sch\u00fcssler beobachtete\u00a0, dass man mit \u00a0den \u00a0hom\u00f6opatischen Verd\u00fcnnungen bestimmter Salze k\u00f6rperliche und seelische \u00a0Beschwerden besser behandeln kann als mit der reinen Substanz.Er entwickelte\u00a0 ein System mit 12 Grundsalzen,die zum \u00fcberwiegenden Teil Bestanteile des Organismus sind. Diese &#8222;Bausteine&#8220; verwendete er um Defizite auszugleichen. Es werden \u00a0dabei unterschiedliche hom\u00f6ophatische Potenzen, meist die D6 und die D12 eingesetzt.<br \/>Sp\u00e4ter\u00a0kamen noch die sogenannten Erg\u00e4nzungssalze hinzu.<\/p>\r\n\r\n\r\n\r\n<p><strong>Bio-Resonanz Methode<\/strong><\/p>\r\n\r\n\r\n\r\n<p>Wie wir alle wissen, kann man die Herzt\u00e4tigkeit im EKG darstellen. Auch vom Gehirn kann man Hirnstr\u00f6me in Kurven ableiten. Also sind die k\u00f6rperlichen Funktionen von elektrischen\u00a0 <br \/>Potenzialen begleitet.\u00a0Wenn man diese Ministromkurven in einem Computer speichert,hat man die M\u00f6glichkeit,dem K\u00f6rper die\u00a0harmonischen Schwingungen zu zu f\u00fchren und ihn so<br \/>zu geordneterer Arbeit zu veranlassen.Dadurch\u00a0kann man auch komplexere St\u00f6rungen angehen. Auch als Begleittherapie zu einer schulmedizinischen Behandlung ist die Bioresonanz geeignet<\/p>\r\n\r\n\r\n\r\n<p><strong>Wirbels\u00e4ulen- u. Gelenktherapie nach Dorn<\/strong><\/p>\r\n\r\n\r\n\r\n<p>Die &#8222;Methode nach Dorn&#8220; umfasst die Behandlung durch den Therapeuten und die Selbstbehandlung durch den Patienten.<br \/>Die Dorn Methode scheint mir eine der schonendsten und wirkungsvollsten zu sein. Sie umfa\u00dft die Behandlung von Wirbels\u00e4ulen- und Gelenkblockaden.<br \/>Bei sehr starken Blockaden\u00a0 oder Verspannungen kann sie nach einer Breu\u00df-Massage\u00a0 angewendet werden.<br \/>Die Selbstbehandlung dient dazu,neue Blockaden und Verspannungen zu vermeiden.<\/p>\r\n\r\n\r\n\r\n<p><strong>Wirbels\u00e4ulentherapie Breu\u00df-Massage<\/strong><\/p>\r\n\r\n\r\n\r\n<p>Breu\u00df-Massage: Mit der Breu\u00df-Massage k\u00f6nnen Verspannungen gel\u00f6st und kleinere Blockaden behandelt \u00a0werden. Sie wird nur entlang der Wirbels\u00e4ule durch gef\u00fchrt.<\/p>\r\n\r\n\r\n\r\n<p><strong>Zur Unterst\u00fctzung meiner Behandlung setze ich auch Fu\u00dfreflexzonenmassage ein.<\/strong><\/p>\r\n","protected":false},"excerpt":{"rendered":"<p>Therapie-Angebote Akupunktur Seit alters her in China praktiziert, dient die Akupunktur dazu, den K\u00f6rper zu harmonisieren.\u00a0Von China aus gelangte diese Methode auch zu uns und verbreitete sich hier. Hier sind die\u00a0beiden bekanntesten Akupunktur-Formen\u00a0 die K\u00f6rper &#8211; und die Ohrakupunktur. Bachbl\u00fcten\u00a0 Um seinen Patienten besser helfen zu k\u00f6nnen, suchte\u00a0 Dr. Edward Bach nach M\u00f6glichkeiten,sie seelisch auszugleichen. <a class=\"more-link\" href=\"https:\/\/www.heilpraktiker-warburg.de\/?page_id=6\">weiterlesen&#8230;<\/a><\/p>\n","protected":false},"author":1,"featured_media":0,"parent":0,"menu_order":0,"comment_status":"closed","ping_status":"closed","template":"","meta":{"footnotes":""},"class_list":["post-6","page","type-page","status-publish","hentry"],"_links":{"self":[{"href":"https:\/\/www.heilpraktiker-warburg.de\/index.php?rest_route=\/wp\/v2\/pages\/6","targetHints":{"allow":["GET"]}}],"collection":[{"href":"https:\/\/www.heilpraktiker-warburg.de\/index.php?rest_route=\/wp\/v2\/pages"}],"about":[{"href":"https:\/\/www.heilpraktiker-warburg.de\/index.php?rest_route=\/wp\/v2\/types\/page"}],"author":[{"embeddable":true,"href":"https:\/\/www.heilpraktiker-warburg.de\/index.php?rest_route=\/wp\/v2\/users\/1"}],"replies":[{"embeddable":true,"href":"https:\/\/www.heilpraktiker-warburg.de\/index.php?rest_route=%2Fwp%2Fv2%2Fcomments&post=6"}],"version-history":[{"count":2,"href":"https:\/\/www.heilpraktiker-warburg.de\/index.php?rest_route=\/wp\/v2\/pages\/6\/revisions"}],"predecessor-version":[{"id":110,"href":"https:\/\/www.heilpraktiker-warburg.de\/index.php?rest_route=\/wp\/v2\/pages\/6\/revisions\/110"}],"wp:attachment":[{"href":"https:\/\/www.heilpraktiker-warburg.de\/index.php?rest_route=%2Fwp%2Fv2%2Fmedia&parent=6"}],"curies":[{"name":"wp","href":"https:\/\/api.w.org\/{rel}","templated":true}]}}