{"id":2,"date":"2016-05-10T03:48:21","date_gmt":"2016-05-10T03:48:21","guid":{"rendered":"http:\/\/www.heilpraktiker-warburg.de\/wordpress\/?page_id=2"},"modified":"2020-11-01T09:34:31","modified_gmt":"2020-11-01T09:34:31","slug":"sample-page","status":"publish","type":"page","link":"https:\/\/www.heilpraktiker-warburg.de\/","title":{"rendered":"Start"},"content":{"rendered":"<p><strong>Ute Westphal &#8211; Heilpraktikerin in Warburg<\/strong><\/p>\n<p><img loading=\"lazy\" decoding=\"async\" class=\"alignleft size-medium wp-image-83\" src=\"http:\/\/www.heilpraktiker-warburg.de\/wordpress\/wp-content\/uploads\/2020\/11\/olivenbaum-225x300.png\" alt=\"\" width=\"225\" height=\"300\" srcset=\"https:\/\/www.heilpraktiker-warburg.de\/wp-content\/uploads\/2020\/11\/olivenbaum-225x300.png 225w, https:\/\/www.heilpraktiker-warburg.de\/wp-content\/uploads\/2020\/11\/olivenbaum.png 300w\" sizes=\"auto, (max-width: 225px) 100vw, 225px\" \/>Es freut mich, dass Sie zu meiner Seite gefunden haben und sich f\u00fcr meine T\u00e4tigkeit, meine Person und f\u00fcr meine, auf den n\u00e4chsten Seiten n\u00e4her beschriebenen, Therapie-M\u00f6glichkeiten interessieren.<\/p>\n<p>Es ist\u00a0 mir wichtig &#8211;\u00a0 gemeinsam mit dem Patienten &#8211;\u00a0 die f\u00fcr ihn richtige Therapie\u00a0 zu erarbeiten und ihn dann mit Rat und Tat zu begleiten. Diese Methode ist vielleicht etwas zeitaufw\u00e4ndiger, hilft aber meiner Meinung nach dem Patienten, die Therapie mittragen zu k\u00f6nnen.<\/p>\n<p>Ich freue mich auf Ihren Besuch<\/p>\n<p>Ute Westphal<\/p>\n","protected":false},"excerpt":{"rendered":"<p>Ute Westphal &#8211; Heilpraktikerin in Warburg Es freut mich, dass Sie zu meiner Seite gefunden haben und sich f\u00fcr meine T\u00e4tigkeit, meine Person und f\u00fcr meine, auf den n\u00e4chsten Seiten n\u00e4her beschriebenen, Therapie-M\u00f6glichkeiten interessieren. Es ist\u00a0 mir wichtig &#8211;\u00a0 gemeinsam mit dem Patienten &#8211;\u00a0 die f\u00fcr ihn richtige Therapie\u00a0 zu erarbeiten und ihn dann mit <a class=\"more-link\" href=\"https:\/\/www.heilpraktiker-warburg.de\/\">weiterlesen&#8230;<\/a><\/p>\n","protected":false},"author":1,"featured_media":0,"parent":0,"menu_order":0,"comment_status":"closed","ping_status":"open","template":"","meta":{"footnotes":""},"class_list":["post-2","page","type-page","status-publish","hentry"],"_links":{"self":[{"href":"https:\/\/www.heilpraktiker-warburg.de\/index.php?rest_route=\/wp\/v2\/pages\/2","targetHints":{"allow":["GET"]}}],"collection":[{"href":"https:\/\/www.heilpraktiker-warburg.de\/index.php?rest_route=\/wp\/v2\/pages"}],"about":[{"href":"https:\/\/www.heilpraktiker-warburg.de\/index.php?rest_route=\/wp\/v2\/types\/page"}],"author":[{"embeddable":true,"href":"https:\/\/www.heilpraktiker-warburg.de\/index.php?rest_route=\/wp\/v2\/users\/1"}],"replies":[{"embeddable":true,"href":"https:\/\/www.heilpraktiker-warburg.de\/index.php?rest_route=%2Fwp%2Fv2%2Fcomments&post=2"}],"version-history":[{"count":3,"href":"https:\/\/www.heilpraktiker-warburg.de\/index.php?rest_route=\/wp\/v2\/pages\/2\/revisions"}],"predecessor-version":[{"id":84,"href":"https:\/\/www.heilpraktiker-warburg.de\/index.php?rest_route=\/wp\/v2\/pages\/2\/revisions\/84"}],"wp:attachment":[{"href":"https:\/\/www.heilpraktiker-warburg.de\/index.php?rest_route=%2Fwp%2Fv2%2Fmedia&parent=2"}],"curies":[{"name":"wp","href":"https:\/\/api.w.org\/{rel}","templated":true}]}}