{"id":14,"date":"2020-10-25T18:32:57","date_gmt":"2020-10-25T18:32:57","guid":{"rendered":"http:\/\/www.heilpraktiker-warburg.de\/wordpress\/?page_id=14"},"modified":"2020-11-01T10:42:25","modified_gmt":"2020-11-01T10:42:25","slug":"impressum","status":"publish","type":"page","link":"https:\/\/www.heilpraktiker-warburg.de\/?page_id=14","title":{"rendered":"Impressum"},"content":{"rendered":"\r\n<p><img loading=\"lazy\" decoding=\"async\" class=\"alignleft size-medium wp-image-86\" src=\"http:\/\/www.heilpraktiker-warburg.de\/wordpress\/wp-content\/uploads\/2020\/11\/impressum-225x300.png\" alt=\"\" width=\"225\" height=\"300\" srcset=\"https:\/\/www.heilpraktiker-warburg.de\/wp-content\/uploads\/2020\/11\/impressum-225x300.png 225w, https:\/\/www.heilpraktiker-warburg.de\/wp-content\/uploads\/2020\/11\/impressum.png 300w\" sizes=\"auto, (max-width: 225px) 100vw, 225px\" \/>Impressum<\/p>\r\n\r\n\r\n\r\n<p>Angaben gem\u00e4\u00df \u00a7 5 TMG<\/p>\r\n\r\n\r\n\r\n<p>Ute Westphal <br \/>Untere Bergstra\u00dfe 3<br \/>34414 Warburg<\/p>\r\n\r\n\r\n\r\n<p><strong>Vertreten durch: <\/strong><br \/>Ute Westphal<\/p>\r\n\r\n\r\n\r\n<p><strong>Kontakt:<\/strong><br \/>Telefon: 05641-4303<br \/>E-Mail: <a href=\"mailto:info@heilpraktiker-warburg.de\">info(at)heilpraktiker-warburg.de<\/a><\/p>\r\n\r\n\r\n\r\n<p><strong>Berufsrechtliche Regelungen:<\/strong><br \/>Fachverband Deutscher Heilpraktiker E.V Hessischer Heilpraktikerverband<br \/>Als Heilpraktikerin t\u00e4tig aufgrund der Erlaubnis zur berufsm\u00e4\u00dfigen Aus\u00fcbung der Heilkunde ohne Bestallung nach dem Heilpraktkergesetz vom 17. Februar 1939 und dessen Ausf\u00fchrungsverordnungen<br \/>Die Erlaubnis zur berufsm\u00e4\u00dfigen Aus\u00fcbung der Heilkunde ohne Bestallung wurde durch das Gesundheitsamt des Kreises Minden- L\u00fcbbecke am 14.05.2003 erteilt.<br \/>Die Praxis ist beim Gesundheitsamt des Kreises H\u00f6xter gemeldet.<br \/>Die Praxis wird seit dem 01.08.2003 gef\u00fchrt<\/p>\r\n\r\n\r\n\r\n<p><strong>Haftungshinweis:<\/strong><br \/>Trotz sorgf\u00e4ltiger inhaltlicher Kontrolle \u00fcbernehmen wir keine Haftung f\u00fcr die Inhalte externer Links. F\u00fcr den Inhalt der verlinkten Seiten sind ausschlie\u00dflich deren Betreiber verantwortlich.<br \/><br \/><strong>Urheberrecht<\/strong><br \/><br \/>Die durch die Seitenbetreiber erstellten Inhalte und Werke auf diesen Seiten unterliegen dem deutschen Urheberrecht. Die Vervielf\u00e4ltigung, Bearbeitung, Verbreitung und jede Art der Verwertung au\u00dferhalb der Grenzen des Urheberrechtes bed\u00fcrfen der schriftlichen Zustimmung des jeweiligen Autors bzw. Erstellers. Downloads und Kopien dieser Seite sind nur f\u00fcr den privaten, nicht kommerziellen Gebrauch gestattet. Soweit die Inhalte auf dieser Seite nicht vom Betreiber erstellt wurden, werden die Urheberrechte Dritter beachtet. Insbesondere werden Inhalte Dritter als solche gekennzeichnet. Sollten Sie trotzdem auf eine Urheberrechtsverletzung aufmerksam werden, bitten wir um einen entsprechenden Hinweis. Bei Bekanntwerden von Rechtsverletzungen werden wir derartige Inhalte umgehend entfernen.<br \/><br \/><strong>Datenschutz<\/strong><br \/><br \/>Die Nutzung unserer Webseite ist in der Regel ohne Angabe personenbezogener Daten m\u00f6glich. Soweit auf unseren Seiten personenbezogene Daten (beispielsweise Name, Anschrift oder eMail-Adressen) erhoben werden, erfolgt dies, soweit m\u00f6glich, stets auf freiwilliger Basis. Diese Daten werden ohne Ihre ausdr\u00fcckliche Zustimmung nicht an Dritte weitergegeben.\u00a0<br \/>Wir weisen darauf hin, dass die Daten\u00fcbertragung im Internet (z.B. bei der Kommunikation per E-Mail) Sicherheitsl\u00fccken aufweisen kann. Ein l\u00fcckenloser Schutz der Daten vor dem Zugriff durch Dritte ist nicht m\u00f6glich.\u00a0<br \/>Der Nutzung von im Rahmen der Impressumspflicht ver\u00f6ffentlichten Kontaktdaten durch Dritte zur \u00dcbersendung von nicht ausdr\u00fccklich angeforderter Werbung und Informationsmaterialien wird hiermit ausdr\u00fccklich widersprochen. Die Betreiber der Seiten behalten sich ausdr\u00fccklich rechtliche Schritte im Falle der unverlangten Zusendung von Werbeinformationen, etwa durch Spam-Mails, vor.<br \/><br \/><br \/><strong>Google Analytics<\/strong><br \/><br \/>Diese Website benutzt Google Analytics, einen Webanalysedienst der Google Inc. (&#8220;Google&#8220;). Google Analytics verwendet sog. &#8220;Cookies&#8220;, Textdateien, die auf Ihrem Computer gespeichert werden und die eine Analyse der Benutzung der Website durch Sie erm\u00f6glicht. Die durch den Cookie erzeugten Informationen \u00fcber Ihre Benutzung diese Website (einschlie\u00dflich Ihrer IP-Adresse) wird an einen Server von Google in den USA \u00fcbertragen und dort gespeichert. Google wird diese Informationen benutzen, um Ihre Nutzung der Website auszuwerten, um Reports \u00fcber die Websiteaktivit\u00e4ten f\u00fcr die Websitebetreiber zusammenzustellen und um weitere mit der Websitenutzung und der Internetnutzung verbundene Dienstleistungen zu erbringen. Auch wird Google diese Informationen gegebenenfalls an Dritte \u00fcbertragen, sofern dies gesetzlich vorgeschrieben oder soweit Dritte diese Daten im Auftrag von Google verarbeiten. Google wird in keinem Fall Ihre IP-Adresse mit anderen Daten der Google in Verbindung bringen. Sie k\u00f6nnen die Installation der Cookies durch eine entsprechende Einstellung Ihrer Browser Software verhindern; wir weisen Sie jedoch darauf hin, dass Sie in diesem Fall gegebenenfalls nicht s\u00e4mtliche Funktionen dieser Website voll umf\u00e4nglich nutzen k\u00f6nnen. Durch die Nutzung dieser Website erkl\u00e4ren Sie sich mit der Bearbeitung der \u00fcber Sie erhobenen Daten durch Google in der zuvor beschriebenen Art und Weise und zu dem zuvor benannten Zweck einverstanden.<\/p>\r\n","protected":false},"excerpt":{"rendered":"<p>Impressum Angaben gem\u00e4\u00df \u00a7 5 TMG Ute Westphal Untere Bergstra\u00dfe 334414 Warburg Vertreten durch: Ute Westphal Kontakt:Telefon: 05641-4303E-Mail: info(at)heilpraktiker-warburg.de Berufsrechtliche Regelungen:Fachverband Deutscher Heilpraktiker E.V Hessischer HeilpraktikerverbandAls Heilpraktikerin t\u00e4tig aufgrund der Erlaubnis zur berufsm\u00e4\u00dfigen Aus\u00fcbung der Heilkunde ohne Bestallung nach dem Heilpraktkergesetz vom 17. Februar 1939 und dessen Ausf\u00fchrungsverordnungenDie Erlaubnis zur berufsm\u00e4\u00dfigen Aus\u00fcbung der Heilkunde ohne <a class=\"more-link\" href=\"https:\/\/www.heilpraktiker-warburg.de\/?page_id=14\">weiterlesen&#8230;<\/a><\/p>\n","protected":false},"author":1,"featured_media":0,"parent":0,"menu_order":0,"comment_status":"closed","ping_status":"closed","template":"","meta":{"footnotes":""},"class_list":["post-14","page","type-page","status-publish","hentry"],"_links":{"self":[{"href":"https:\/\/www.heilpraktiker-warburg.de\/index.php?rest_route=\/wp\/v2\/pages\/14","targetHints":{"allow":["GET"]}}],"collection":[{"href":"https:\/\/www.heilpraktiker-warburg.de\/index.php?rest_route=\/wp\/v2\/pages"}],"about":[{"href":"https:\/\/www.heilpraktiker-warburg.de\/index.php?rest_route=\/wp\/v2\/types\/page"}],"author":[{"embeddable":true,"href":"https:\/\/www.heilpraktiker-warburg.de\/index.php?rest_route=\/wp\/v2\/users\/1"}],"replies":[{"embeddable":true,"href":"https:\/\/www.heilpraktiker-warburg.de\/index.php?rest_route=%2Fwp%2Fv2%2Fcomments&post=14"}],"version-history":[{"count":2,"href":"https:\/\/www.heilpraktiker-warburg.de\/index.php?rest_route=\/wp\/v2\/pages\/14\/revisions"}],"predecessor-version":[{"id":111,"href":"https:\/\/www.heilpraktiker-warburg.de\/index.php?rest_route=\/wp\/v2\/pages\/14\/revisions\/111"}],"wp:attachment":[{"href":"https:\/\/www.heilpraktiker-warburg.de\/index.php?rest_route=%2Fwp%2Fv2%2Fmedia&parent=14"}],"curies":[{"name":"wp","href":"https:\/\/api.w.org\/{rel}","templated":true}]}}